{"id":11,"date":"2017-02-06T09:25:23","date_gmt":"2017-02-06T09:25:23","guid":{"rendered":"http:\/\/mondepot.ch\/mondepot\/index.php\/projekt\/"},"modified":"2017-10-10T13:07:21","modified_gmt":"2017-10-10T13:07:21","slug":"projekt","status":"publish","type":"page","link":"http:\/\/mondepot.ch\/mondepot\/projekt\/","title":{"rendered":"Projekt"},"content":{"rendered":"<p>An der Toblerstrasse 57 am Z\u00fcrichberg vermieten wir attraktive, verschieden grosse, trockene und abschliessbare Lager-\/Archivr\u00e4ume.<\/p>\n<p>Die unterirdisch angelegten Einzelr\u00e4ume schaffen Ihnen Platz f\u00fcr mehr Raum. Mon Depot bietet individuelle Lagerr\u00e4ume f\u00fcr Privatpersonen sowie auch f\u00fcr Gesch\u00e4ftskunden.<\/p>\n<p>Die R\u00e4umlichkeiten sind durch einen Warenlift (max. 1&#8217;600 kg) zug\u00e4nglich. Als Mieter haben Sie rund um die Uhr freien Zugang zu Ihrem Lager. Auf Wunsch und nach Verf\u00fcgbarkeit k\u00f6nnen auch Parkpl\u00e4tze im nebenan liegenden Parkhaus Bethanien dazu gemietet werden.<\/p>\n","protected":false},"excerpt":{"rendered":"<p>An der Toblerstrasse 57 am Z\u00fcrichberg vermieten wir attraktive, verschieden grosse, trockene und abschliessbare Lager-\/Archivr\u00e4ume. Die unterirdisch angelegten Einzelr\u00e4ume schaffen Ihnen Platz f\u00fcr mehr Raum. Mon Depot bietet individuelle Lagerr\u00e4ume f\u00fcr Privatpersonen sowie auch f\u00fcr Gesch\u00e4ftskunden. Die R\u00e4umlichkeiten sind durch einen Warenlift (max. 1&#8217;600 kg) zug\u00e4nglich. Als Mieter haben Sie rund um die Uhr freien [&hellip;]<\/p>\n","protected":false},"author":2,"featured_media":0,"parent":0,"menu_order":3,"comment_status":"closed","ping_status":"closed","template":"","meta":{"footnotes":""},"class_list":["post-11","page","type-page","status-publish","hentry"],"acf":[],"_links":{"self":[{"href":"http:\/\/mondepot.ch\/mondepot\/wp-json\/wp\/v2\/pages\/11","targetHints":{"allow":["GET"]}}],"collection":[{"href":"http:\/\/mondepot.ch\/mondepot\/wp-json\/wp\/v2\/pages"}],"about":[{"href":"http:\/\/mondepot.ch\/mondepot\/wp-json\/wp\/v2\/types\/page"}],"author":[{"embeddable":true,"href":"http:\/\/mondepot.ch\/mondepot\/wp-json\/wp\/v2\/users\/2"}],"replies":[{"embeddable":true,"href":"http:\/\/mondepot.ch\/mondepot\/wp-json\/wp\/v2\/comments?post=11"}],"version-history":[{"count":26,"href":"http:\/\/mondepot.ch\/mondepot\/wp-json\/wp\/v2\/pages\/11\/revisions"}],"predecessor-version":[{"id":834,"href":"http:\/\/mondepot.ch\/mondepot\/wp-json\/wp\/v2\/pages\/11\/revisions\/834"}],"wp:attachment":[{"href":"http:\/\/mondepot.ch\/mondepot\/wp-json\/wp\/v2\/media?parent=11"}],"curies":[{"name":"wp","href":"https:\/\/api.w.org\/{rel}","templated":true}]}}