{"id":10,"date":"2017-02-06T09:25:23","date_gmt":"2017-02-06T09:25:23","guid":{"rendered":"http:\/\/mondepot.ch\/mondepot\/index.php\/lage\/"},"modified":"2020-07-08T13:11:04","modified_gmt":"2020-07-08T13:11:04","slug":"lage","status":"publish","type":"page","link":"http:\/\/mondepot.ch\/mondepot\/lage\/","title":{"rendered":"Lage"},"content":{"rendered":"<p>Die Lager- \/Archivr\u00e4ume sind am Z\u00fcrichberg zentral gelegen. <\/p>\n<p>Ein Warenlift, welcher von aussen direkt mit dem Lieferwagen zug\u00e4nglich ist, erleichtert Ihnen den Transport der Ware in die unterirdisch gelegenen Lager- \/Archivr\u00e4ume.<\/p>\n<p>Als Mieter haben Sie jederzeit\u00a0freien Zugang zu Ihrem Lager.<\/p>\n<p>&nbsp;<\/p>\n","protected":false},"excerpt":{"rendered":"<p>Die Lager- \/Archivr\u00e4ume sind am Z\u00fcrichberg zentral gelegen. Ein Warenlift, welcher von aussen direkt mit dem Lieferwagen zug\u00e4nglich ist, erleichtert Ihnen den Transport der Ware in die unterirdisch gelegenen Lager- \/Archivr\u00e4ume. Als Mieter haben Sie jederzeit\u00a0freien Zugang zu Ihrem Lager. &nbsp;<\/p>\n","protected":false},"author":2,"featured_media":0,"parent":0,"menu_order":2,"comment_status":"closed","ping_status":"closed","template":"","meta":{"footnotes":""},"class_list":["post-10","page","type-page","status-publish","hentry"],"acf":[],"_links":{"self":[{"href":"http:\/\/mondepot.ch\/mondepot\/wp-json\/wp\/v2\/pages\/10","targetHints":{"allow":["GET"]}}],"collection":[{"href":"http:\/\/mondepot.ch\/mondepot\/wp-json\/wp\/v2\/pages"}],"about":[{"href":"http:\/\/mondepot.ch\/mondepot\/wp-json\/wp\/v2\/types\/page"}],"author":[{"embeddable":true,"href":"http:\/\/mondepot.ch\/mondepot\/wp-json\/wp\/v2\/users\/2"}],"replies":[{"embeddable":true,"href":"http:\/\/mondepot.ch\/mondepot\/wp-json\/wp\/v2\/comments?post=10"}],"version-history":[{"count":20,"href":"http:\/\/mondepot.ch\/mondepot\/wp-json\/wp\/v2\/pages\/10\/revisions"}],"predecessor-version":[{"id":1015,"href":"http:\/\/mondepot.ch\/mondepot\/wp-json\/wp\/v2\/pages\/10\/revisions\/1015"}],"wp:attachment":[{"href":"http:\/\/mondepot.ch\/mondepot\/wp-json\/wp\/v2\/media?parent=10"}],"curies":[{"name":"wp","href":"https:\/\/api.w.org\/{rel}","templated":true}]}}